{"id":679,"date":"2022-01-20T08:19:59","date_gmt":"2022-01-20T08:19:59","guid":{"rendered":"https:\/\/media-alalle.fi\/opiskelijoille\/?page_id=679"},"modified":"2023-02-07T13:54:39","modified_gmt":"2023-02-07T13:54:39","slug":"tulostimen-kayttoonotto","status":"publish","type":"page","link":"https:\/\/media-alalle.fi\/opiskelijoille\/apua-ja-ohjeita\/tulostimen-kayttoonotto\/","title":{"rendered":"Tulostimen k\u00e4ytt\u00f6\u00f6notto"},"content":{"rendered":"\n<h3 class=\"wp-block-heading\">SAFEQ &#8211; <strong>MAC-KONEET<\/strong><\/h3>\n\n\n\n<p>Lis\u00e4\u00e4 uusi tulostin alla olevilla tiedoilla. <br>Ajurit l\u00f6ytyv\u00e4t J-asemalta: \\\\storage\\videoeditointi\\Turvatulostin ajuri MAC<\/p>\n\n\n\n<figure class=\"wp-block-image size-full\"><img fetchpriority=\"high\" decoding=\"async\" width=\"1211\" height=\"1046\" src=\"https:\/\/media-alalle.fi\/opiskelijoille\/wp-content\/uploads\/2022\/02\/mac-tulostimet.png\" alt=\"\" class=\"wp-image-745\" srcset=\"https:\/\/media-alalle.fi\/opiskelijoille\/wp-content\/uploads\/2022\/02\/mac-tulostimet.png 1211w, https:\/\/media-alalle.fi\/opiskelijoille\/wp-content\/uploads\/2022\/02\/mac-tulostimet-300x259.png 300w, https:\/\/media-alalle.fi\/opiskelijoille\/wp-content\/uploads\/2022\/02\/mac-tulostimet-768x663.png 768w\" sizes=\"(max-width: 1211px) 100vw, 1211px\" \/><\/figure>\n\n\n\n<div style=\"height:41px\" aria-hidden=\"true\" class=\"wp-block-spacer\"><\/div>\n\n\n\n<p><\/p>\n\n\n\n<h3 class=\"wp-block-heading\">SAFEQ &#8211; <strong>PC<\/strong><\/h3>\n\n\n\n<p><strong>1.<\/strong> Avaa windows-napista hammasratas: <strong>ASETUKSET- LAITTEET &#8211; TULOSTIMET JA SKANNERIT<\/strong>&nbsp;<br>Paina kohdasta:<strong> LIS\u00c4\u00c4 TULOSTIN.&nbsp;<\/strong>&nbsp;<\/p>\n\n\n\n<figure class=\"wp-block-image size-full\"><img decoding=\"async\" width=\"342\" height=\"252\" src=\"https:\/\/media-alalle.fi\/opiskelijoille\/wp-content\/uploads\/2022\/02\/image.png\" alt=\"\" class=\"wp-image-778\" srcset=\"https:\/\/media-alalle.fi\/opiskelijoille\/wp-content\/uploads\/2022\/02\/image.png 342w, https:\/\/media-alalle.fi\/opiskelijoille\/wp-content\/uploads\/2022\/02\/image-300x221.png 300w\" sizes=\"(max-width: 342px) 100vw, 342px\" \/><\/figure>\n\n\n\n<p><strong>2<\/strong>. Alle avautuu pitk\u00e4 lista tulostimia. Selaa listan loppuun ja valitse kohta: <br><strong>HALUAMAANI TULOSTIN EI OLE LISTASSA.<\/strong>&nbsp;<\/p>\n\n\n\n<figure class=\"wp-block-image size-full\"><img decoding=\"async\" width=\"368\" height=\"166\" src=\"https:\/\/media-alalle.fi\/opiskelijoille\/wp-content\/uploads\/2022\/02\/image-1.jpeg\" alt=\"\" class=\"wp-image-777\" srcset=\"https:\/\/media-alalle.fi\/opiskelijoille\/wp-content\/uploads\/2022\/02\/image-1.jpeg 368w, https:\/\/media-alalle.fi\/opiskelijoille\/wp-content\/uploads\/2022\/02\/image-1-300x135.jpeg 300w\" sizes=\"(max-width: 368px) 100vw, 368px\" \/><\/figure>\n\n\n\n<p><strong>&#8212;&#8212;&#8212;&#8212;&#8212;&#8212;&#8212;&#8212;&#8212;&#8212;&#8212;&#8212;&#8212;&#8212;&#8212;&#8212;&#8212;&#8212;<\/strong>&nbsp;<\/p>\n\n\n\n<figure class=\"wp-block-image size-full\"><img loading=\"lazy\" decoding=\"async\" width=\"447\" height=\"365\" src=\"https:\/\/media-alalle.fi\/opiskelijoille\/wp-content\/uploads\/2022\/02\/image.jpeg\" alt=\"\" class=\"wp-image-776\" srcset=\"https:\/\/media-alalle.fi\/opiskelijoille\/wp-content\/uploads\/2022\/02\/image.jpeg 447w, https:\/\/media-alalle.fi\/opiskelijoille\/wp-content\/uploads\/2022\/02\/image-300x245.jpeg 300w\" sizes=\"(max-width: 447px) 100vw, 447px\" \/><\/figure>\n\n\n\n<p>Valitse jaettu tulostin nimen perusteella ja kirjoita t\u00e4m\u00e4 polku:\u00a0<br><strong>\\\\printers\\O-MEDIA-CANON-T1<\/strong>\u00a0<\/p>\n\n\n\n<p class=\"has-large-font-size\"><strong>CANON\u00a0DIGIPRINTTERI\u00a0&#8211;\u00a0PC-KONEET<\/strong><\/p>\n\n\n\n<figure class=\"wp-block-image size-full\"><img loading=\"lazy\" decoding=\"async\" width=\"711\" height=\"593\" src=\"https:\/\/media-alalle.fi\/opiskelijoille\/wp-content\/uploads\/2022\/02\/image-2.jpeg\" alt=\"\" class=\"wp-image-779\" srcset=\"https:\/\/media-alalle.fi\/opiskelijoille\/wp-content\/uploads\/2022\/02\/image-2.jpeg 711w, https:\/\/media-alalle.fi\/opiskelijoille\/wp-content\/uploads\/2022\/02\/image-2-300x250.jpeg 300w\" sizes=\"(max-width: 711px) 100vw, 711px\" \/><\/figure>\n\n\n\n<p>T\u00e4m\u00e4n j\u00e4lkeen tulostimen ajurit asentuu koneelle ja tulostin tulee listaasi.&nbsp;<br><strong>HUOM. <\/strong>kone voi kysy\u00e4 j\u00e4rjestelm\u00e4nvalvojan lupaa, jolloin joku henkil\u00f6kunnasta k\u00e4y kirjoittamassa luvan koneellesi.&nbsp;<\/p>\n\n\n\n<p class=\"has-large-font-size\"><strong>CANON\u00a0DIGIPRINTTERI\u00a0&#8211;\u00a0MAC-KONEET<\/strong><\/p>\n\n\n\n<ol class=\"wp-block-list\">\n<li>Asenna ajuripaketti j\u00e4rjestelm\u00e4valvojan tunnuksilla.<\/li>\n\n\n\n<li>Etsi ajurit Googlesta hakusanalla canon ipr svr g100 v1.21 driver<br><\/li>\n<\/ol>\n\n\n\n<figure class=\"wp-block-image size-full\"><img loading=\"lazy\" decoding=\"async\" width=\"720\" height=\"356\" src=\"https:\/\/media-alalle.fi\/opiskelijoille\/wp-content\/uploads\/2023\/02\/Screenshot-2023-02-07-at-15.36.50.png\" alt=\"\" class=\"wp-image-1137\" srcset=\"https:\/\/media-alalle.fi\/opiskelijoille\/wp-content\/uploads\/2023\/02\/Screenshot-2023-02-07-at-15.36.50.png 720w, https:\/\/media-alalle.fi\/opiskelijoille\/wp-content\/uploads\/2023\/02\/Screenshot-2023-02-07-at-15.36.50-300x148.png 300w\" sizes=\"(max-width: 720px) 100vw, 720px\" \/><\/figure>\n\n\n\n<figure class=\"wp-block-image size-full\"><img loading=\"lazy\" decoding=\"async\" width=\"1093\" height=\"464\" src=\"https:\/\/media-alalle.fi\/opiskelijoille\/wp-content\/uploads\/2023\/02\/Screenshot-2023-02-07-at-15.37.47.png\" alt=\"\" class=\"wp-image-1138\" srcset=\"https:\/\/media-alalle.fi\/opiskelijoille\/wp-content\/uploads\/2023\/02\/Screenshot-2023-02-07-at-15.37.47.png 1093w, https:\/\/media-alalle.fi\/opiskelijoille\/wp-content\/uploads\/2023\/02\/Screenshot-2023-02-07-at-15.37.47-300x127.png 300w, https:\/\/media-alalle.fi\/opiskelijoille\/wp-content\/uploads\/2023\/02\/Screenshot-2023-02-07-at-15.37.47-768x326.png 768w\" sizes=\"(max-width: 1093px) 100vw, 1093px\" \/><\/figure>\n\n\n\n<figure class=\"wp-block-image size-full\"><img loading=\"lazy\" decoding=\"async\" width=\"721\" height=\"391\" src=\"https:\/\/media-alalle.fi\/opiskelijoille\/wp-content\/uploads\/2023\/02\/Screenshot-2023-02-07-at-15.38.03.png\" alt=\"\" class=\"wp-image-1139\" srcset=\"https:\/\/media-alalle.fi\/opiskelijoille\/wp-content\/uploads\/2023\/02\/Screenshot-2023-02-07-at-15.38.03.png 721w, https:\/\/media-alalle.fi\/opiskelijoille\/wp-content\/uploads\/2023\/02\/Screenshot-2023-02-07-at-15.38.03-300x163.png 300w\" sizes=\"(max-width: 721px) 100vw, 721px\" \/><\/figure>\n\n\n\n<figure class=\"wp-block-image size-full\"><img loading=\"lazy\" decoding=\"async\" width=\"594\" height=\"202\" src=\"https:\/\/media-alalle.fi\/opiskelijoille\/wp-content\/uploads\/2023\/02\/Screenshot-2023-02-07-at-15.38.26.png\" alt=\"\" class=\"wp-image-1140\" srcset=\"https:\/\/media-alalle.fi\/opiskelijoille\/wp-content\/uploads\/2023\/02\/Screenshot-2023-02-07-at-15.38.26.png 594w, https:\/\/media-alalle.fi\/opiskelijoille\/wp-content\/uploads\/2023\/02\/Screenshot-2023-02-07-at-15.38.26-300x102.png 300w\" sizes=\"(max-width: 594px) 100vw, 594px\" \/><\/figure>\n\n\n\n<figure class=\"wp-block-image size-full\"><img loading=\"lazy\" decoding=\"async\" width=\"785\" height=\"660\" src=\"https:\/\/media-alalle.fi\/opiskelijoille\/wp-content\/uploads\/2023\/02\/Screenshot-2023-02-07-at-15.38.58.png\" alt=\"\" class=\"wp-image-1141\" srcset=\"https:\/\/media-alalle.fi\/opiskelijoille\/wp-content\/uploads\/2023\/02\/Screenshot-2023-02-07-at-15.38.58.png 785w, https:\/\/media-alalle.fi\/opiskelijoille\/wp-content\/uploads\/2023\/02\/Screenshot-2023-02-07-at-15.38.58-300x252.png 300w, https:\/\/media-alalle.fi\/opiskelijoille\/wp-content\/uploads\/2023\/02\/Screenshot-2023-02-07-at-15.38.58-768x646.png 768w\" sizes=\"(max-width: 785px) 100vw, 785px\" \/><\/figure>\n\n\n\n<figure class=\"wp-block-image size-full\"><img loading=\"lazy\" decoding=\"async\" width=\"639\" height=\"450\" src=\"https:\/\/media-alalle.fi\/opiskelijoille\/wp-content\/uploads\/2023\/02\/Screenshot-2023-02-07-at-15.39.26.png\" alt=\"\" class=\"wp-image-1142\" srcset=\"https:\/\/media-alalle.fi\/opiskelijoille\/wp-content\/uploads\/2023\/02\/Screenshot-2023-02-07-at-15.39.26.png 639w, https:\/\/media-alalle.fi\/opiskelijoille\/wp-content\/uploads\/2023\/02\/Screenshot-2023-02-07-at-15.39.26-300x211.png 300w\" sizes=\"(max-width: 639px) 100vw, 639px\" \/><\/figure>\n\n\n\n<figure class=\"wp-block-image size-full\"><img loading=\"lazy\" decoding=\"async\" width=\"641\" height=\"449\" src=\"https:\/\/media-alalle.fi\/opiskelijoille\/wp-content\/uploads\/2023\/02\/Screenshot-2023-02-07-at-15.39.38.png\" alt=\"\" class=\"wp-image-1143\" srcset=\"https:\/\/media-alalle.fi\/opiskelijoille\/wp-content\/uploads\/2023\/02\/Screenshot-2023-02-07-at-15.39.38.png 641w, https:\/\/media-alalle.fi\/opiskelijoille\/wp-content\/uploads\/2023\/02\/Screenshot-2023-02-07-at-15.39.38-300x210.png 300w\" sizes=\"(max-width: 641px) 100vw, 641px\" \/><\/figure>\n\n\n\n<figure class=\"wp-block-image size-full\"><img loading=\"lazy\" decoding=\"async\" width=\"640\" height=\"941\" src=\"https:\/\/media-alalle.fi\/opiskelijoille\/wp-content\/uploads\/2023\/02\/Screenshot-2023-02-07-at-15.41.57.png\" alt=\"\" class=\"wp-image-1144\" srcset=\"https:\/\/media-alalle.fi\/opiskelijoille\/wp-content\/uploads\/2023\/02\/Screenshot-2023-02-07-at-15.41.57.png 640w, https:\/\/media-alalle.fi\/opiskelijoille\/wp-content\/uploads\/2023\/02\/Screenshot-2023-02-07-at-15.41.57-204x300.png 204w\" sizes=\"(max-width: 640px) 100vw, 640px\" \/><\/figure>\n\n\n\n<figure class=\"wp-block-image size-full\"><img loading=\"lazy\" decoding=\"async\" width=\"773\" height=\"392\" src=\"https:\/\/media-alalle.fi\/opiskelijoille\/wp-content\/uploads\/2023\/02\/Screenshot-2023-02-07-at-15.42.16.png\" alt=\"\" class=\"wp-image-1145\" srcset=\"https:\/\/media-alalle.fi\/opiskelijoille\/wp-content\/uploads\/2023\/02\/Screenshot-2023-02-07-at-15.42.16.png 773w, https:\/\/media-alalle.fi\/opiskelijoille\/wp-content\/uploads\/2023\/02\/Screenshot-2023-02-07-at-15.42.16-300x152.png 300w, https:\/\/media-alalle.fi\/opiskelijoille\/wp-content\/uploads\/2023\/02\/Screenshot-2023-02-07-at-15.42.16-768x389.png 768w\" sizes=\"(max-width: 773px) 100vw, 773px\" \/><\/figure>\n\n\n\n<figure class=\"wp-block-image size-full\"><img loading=\"lazy\" decoding=\"async\" width=\"425\" height=\"364\" src=\"https:\/\/media-alalle.fi\/opiskelijoille\/wp-content\/uploads\/2023\/02\/Screenshot-2023-02-07-at-15.42.33.png\" alt=\"\" class=\"wp-image-1146\" srcset=\"https:\/\/media-alalle.fi\/opiskelijoille\/wp-content\/uploads\/2023\/02\/Screenshot-2023-02-07-at-15.42.33.png 425w, https:\/\/media-alalle.fi\/opiskelijoille\/wp-content\/uploads\/2023\/02\/Screenshot-2023-02-07-at-15.42.33-300x257.png 300w\" sizes=\"(max-width: 425px) 100vw, 425px\" \/><\/figure>\n\n\n","protected":false},"excerpt":{"rendered":"<p>SAFEQ &#8211; MAC-KONEET Lis\u00e4\u00e4 uusi tulostin alla olevilla tiedoilla. Ajurit l\u00f6ytyv\u00e4t J-asemalta: \\\\storage\\videoeditointi\\Turvatulostin ajuri MAC SAFEQ &#8211; PC 1. Avaa windows-napista hammasratas: ASETUKSET- LAITTEET &#8211; TULOSTIMET JA SKANNERIT&nbsp;Paina kohdasta: LIS\u00c4\u00c4 TULOSTIN.&nbsp;&nbsp; 2. Alle avautuu pitk\u00e4 lista tulostimia. Selaa listan loppuun ja valitse kohta: HALUAMAANI TULOSTIN EI OLE LISTASSA.&nbsp; &#8212;&#8212;&#8212;&#8212;&#8212;&#8212;&#8212;&#8212;&#8212;&#8212;&#8212;&#8212;&#8212;&#8212;&#8212;&#8212;&#8212;&#8212;&nbsp; Valitse jaettu tulostin nimen perusteella ja [&hellip;]<\/p>\n","protected":false},"author":2,"featured_media":0,"parent":585,"menu_order":0,"comment_status":"closed","ping_status":"closed","template":"","meta":{"zakra_page_container_layout":"customizer","zakra_page_sidebar_layout":"customizer","zakra_remove_content_margin":false,"zakra_sidebar":"customizer","zakra_transparent_header":"customizer","zakra_logo":0,"zakra_main_header_style":"default","zakra_menu_item_color":"","zakra_menu_item_hover_color":"","zakra_menu_item_active_color":"","zakra_menu_active_style":"","zakra_page_header":true,"footnotes":""},"class_list":["post-679","page","type-page","status-publish","hentry"],"rttpg_featured_image_url":null,"rttpg_author":{"display_name":"Eija Haaksiluoto","author_link":"https:\/\/media-alalle.fi\/opiskelijoille\/author\/enkku\/"},"rttpg_comment":0,"rttpg_category":null,"rttpg_excerpt":"SAFEQ &#8211; MAC-KONEET Lis\u00e4\u00e4 uusi tulostin alla olevilla tiedoilla. Ajurit l\u00f6ytyv\u00e4t J-asemalta: \\\\storage\\videoeditointi\\Turvatulostin ajuri MAC SAFEQ &#8211; PC 1. Avaa windows-napista hammasratas: ASETUKSET- LAITTEET &#8211; TULOSTIMET JA SKANNERIT&nbsp;Paina kohdasta: LIS\u00c4\u00c4 TULOSTIN.&nbsp;&nbsp; 2. Alle avautuu pitk\u00e4 lista tulostimia. Selaa listan loppuun ja valitse kohta: HALUAMAANI TULOSTIN EI OLE LISTASSA.&nbsp; &#8212;&#8212;&#8212;&#8212;&#8212;&#8212;&#8212;&#8212;&#8212;&#8212;&#8212;&#8212;&#8212;&#8212;&#8212;&#8212;&#8212;&#8212;&nbsp; Valitse jaettu tulostin nimen perusteella ja&hellip;","_links":{"self":[{"href":"https:\/\/media-alalle.fi\/opiskelijoille\/wp-json\/wp\/v2\/pages\/679","targetHints":{"allow":["GET"]}}],"collection":[{"href":"https:\/\/media-alalle.fi\/opiskelijoille\/wp-json\/wp\/v2\/pages"}],"about":[{"href":"https:\/\/media-alalle.fi\/opiskelijoille\/wp-json\/wp\/v2\/types\/page"}],"author":[{"embeddable":true,"href":"https:\/\/media-alalle.fi\/opiskelijoille\/wp-json\/wp\/v2\/users\/2"}],"replies":[{"embeddable":true,"href":"https:\/\/media-alalle.fi\/opiskelijoille\/wp-json\/wp\/v2\/comments?post=679"}],"version-history":[{"count":10,"href":"https:\/\/media-alalle.fi\/opiskelijoille\/wp-json\/wp\/v2\/pages\/679\/revisions"}],"predecessor-version":[{"id":1147,"href":"https:\/\/media-alalle.fi\/opiskelijoille\/wp-json\/wp\/v2\/pages\/679\/revisions\/1147"}],"up":[{"embeddable":true,"href":"https:\/\/media-alalle.fi\/opiskelijoille\/wp-json\/wp\/v2\/pages\/585"}],"wp:attachment":[{"href":"https:\/\/media-alalle.fi\/opiskelijoille\/wp-json\/wp\/v2\/media?parent=679"}],"curies":[{"name":"wp","href":"https:\/\/api.w.org\/{rel}","templated":true}]}}