{"id":656,"date":"2022-01-14T11:01:21","date_gmt":"2022-01-14T11:01:21","guid":{"rendered":"https:\/\/media-alalle.fi\/opiskelijoille\/?page_id=656"},"modified":"2022-03-29T09:55:29","modified_gmt":"2022-03-29T09:55:29","slug":"kaluston-vuokraus","status":"publish","type":"page","link":"https:\/\/media-alalle.fi\/opiskelijoille\/apua-ja-ohjeita\/kaluston-vuokraus\/","title":{"rendered":"Kaluston vuokraus"},"content":{"rendered":"\n<p><\/p>\n\n\n\n<h2 class=\"wp-block-heading\">Kaluston vuokraus<\/h2>\n\n\n\n<p><strong>Vuokraa media-alan kalustoa 1-14 p\u00e4iv\u00e4ksi osoitteessa<a href=\"https:\/\/media-alalle.fi\/opiskelijoille\/apua-ja-ohjeita\/kaluston-vuokraus\/\" data-type=\"page\" data-id=\"656\"> rentle.store\/osao\/shop<\/a><\/strong><\/p>\n\n\n\n<p>Valitse ensin, mit\u00e4 haluat varata. Sen j\u00e4lkeen valitse, kuinka pitk\u00e4ksi ajaksi haluat varata kaluston. Siirry sen j\u00e4lkeen t\u00e4ytt\u00e4m\u00e4\u00e4n varaus. <br>Muista raksittaa kohta &#8221;Minulle saa l\u00e4hett\u00e4\u00e4 varaukseeni liittyvi\u00e4 tiedotteita&#8221; saadaksesi tekstiviestimuistutuksen varausaikasi loppumisen<br>l\u00e4hestymisest\u00e4.<\/p>\n\n\n\n<figure class=\"wp-block-image size-full\"><img fetchpriority=\"high\" decoding=\"async\" width=\"1008\" height=\"190\" src=\"https:\/\/media-alalle.fi\/opiskelijoille\/wp-content\/uploads\/2022\/03\/varaus.png\" alt=\"\" class=\"wp-image-1034\" srcset=\"https:\/\/media-alalle.fi\/opiskelijoille\/wp-content\/uploads\/2022\/03\/varaus.png 1008w, https:\/\/media-alalle.fi\/opiskelijoille\/wp-content\/uploads\/2022\/03\/varaus-300x57.png 300w, https:\/\/media-alalle.fi\/opiskelijoille\/wp-content\/uploads\/2022\/03\/varaus-768x145.png 768w\" sizes=\"(max-width: 1008px) 100vw, 1008px\" \/><\/figure>\n\n\n\n<p><br>Varauksen j\u00e4lkeen voit hakea varaamasi kaluston Teemulta\/Markukselta media-alan k\u00e4yt\u00e4v\u00e4n p\u00e4\u00e4dyss\u00e4 sijaitsevasta huoneesta.<\/p>\n\n\n\n<div class=\"wp-block-buttons is-content-justification-left is-layout-flex wp-container-core-buttons-is-layout-1 wp-block-buttons-is-layout-flex\">\n<div class=\"wp-block-button has-custom-width wp-block-button__width-50 is-style-outline is-style-outline--1\"><a class=\"wp-block-button__link has-white-color has-text-color has-background\" style=\"background-color:#c392e9\">Siirry varaamaan kalustoa<\/a><\/div>\n<\/div>\n\n\n\n<p><\/p>\n","protected":false},"excerpt":{"rendered":"<p>Kaluston vuokraus Vuokraa media-alan kalustoa 1-14 p\u00e4iv\u00e4ksi osoitteessa rentle.store\/osao\/shop Valitse ensin, mit\u00e4 haluat varata. Sen j\u00e4lkeen valitse, kuinka pitk\u00e4ksi ajaksi haluat varata kaluston. Siirry sen j\u00e4lkeen t\u00e4ytt\u00e4m\u00e4\u00e4n varaus. Muista raksittaa kohta &#8221;Minulle saa l\u00e4hett\u00e4\u00e4 varaukseeni liittyvi\u00e4 tiedotteita&#8221; saadaksesi tekstiviestimuistutuksen varausaikasi loppumisenl\u00e4hestymisest\u00e4. Varauksen j\u00e4lkeen voit hakea varaamasi kaluston Teemulta\/Markukselta media-alan k\u00e4yt\u00e4v\u00e4n p\u00e4\u00e4dyss\u00e4 sijaitsevasta huoneesta.<\/p>\n","protected":false},"author":2,"featured_media":1043,"parent":585,"menu_order":0,"comment_status":"closed","ping_status":"closed","template":"","meta":{"zakra_page_container_layout":"contained","zakra_page_sidebar_layout":"no_sidebar","zakra_remove_content_margin":true,"zakra_sidebar":"customizer","zakra_transparent_header":"customizer","zakra_logo":0,"zakra_main_header_style":"default","zakra_menu_item_color":"","zakra_menu_item_hover_color":"","zakra_menu_item_active_color":"","zakra_menu_active_style":"","zakra_page_header":false,"footnotes":""},"class_list":["post-656","page","type-page","status-publish","has-post-thumbnail","hentry"],"rttpg_featured_image_url":{"full":["https:\/\/media-alalle.fi\/opiskelijoille\/wp-content\/uploads\/2022\/03\/smartmockups_l1bym2ct.jpg",1280,854,false],"landscape":["https:\/\/media-alalle.fi\/opiskelijoille\/wp-content\/uploads\/2022\/03\/smartmockups_l1bym2ct.jpg",1280,854,false],"portraits":["https:\/\/media-alalle.fi\/opiskelijoille\/wp-content\/uploads\/2022\/03\/smartmockups_l1bym2ct.jpg",1280,854,false],"thumbnail":["https:\/\/media-alalle.fi\/opiskelijoille\/wp-content\/uploads\/2022\/03\/smartmockups_l1bym2ct-150x150.jpg",150,150,true],"medium":["https:\/\/media-alalle.fi\/opiskelijoille\/wp-content\/uploads\/2022\/03\/smartmockups_l1bym2ct-300x200.jpg",300,200,true],"large":["https:\/\/media-alalle.fi\/opiskelijoille\/wp-content\/uploads\/2022\/03\/smartmockups_l1bym2ct.jpg",812,542,false],"1536x1536":["https:\/\/media-alalle.fi\/opiskelijoille\/wp-content\/uploads\/2022\/03\/smartmockups_l1bym2ct.jpg",1280,854,false],"2048x2048":["https:\/\/media-alalle.fi\/opiskelijoille\/wp-content\/uploads\/2022\/03\/smartmockups_l1bym2ct.jpg",1280,854,false]},"rttpg_author":{"display_name":"Eija Haaksiluoto","author_link":"https:\/\/media-alalle.fi\/opiskelijoille\/author\/enkku\/"},"rttpg_comment":0,"rttpg_category":null,"rttpg_excerpt":"Kaluston vuokraus Vuokraa media-alan kalustoa 1-14 p\u00e4iv\u00e4ksi osoitteessa rentle.store\/osao\/shop Valitse ensin, mit\u00e4 haluat varata. Sen j\u00e4lkeen valitse, kuinka pitk\u00e4ksi ajaksi haluat varata kaluston. Siirry sen j\u00e4lkeen t\u00e4ytt\u00e4m\u00e4\u00e4n varaus. Muista raksittaa kohta &#8221;Minulle saa l\u00e4hett\u00e4\u00e4 varaukseeni liittyvi\u00e4 tiedotteita&#8221; saadaksesi tekstiviestimuistutuksen varausaikasi loppumisenl\u00e4hestymisest\u00e4. Varauksen j\u00e4lkeen voit hakea varaamasi kaluston Teemulta\/Markukselta media-alan k\u00e4yt\u00e4v\u00e4n p\u00e4\u00e4dyss\u00e4 sijaitsevasta huoneesta.","_links":{"self":[{"href":"https:\/\/media-alalle.fi\/opiskelijoille\/wp-json\/wp\/v2\/pages\/656","targetHints":{"allow":["GET"]}}],"collection":[{"href":"https:\/\/media-alalle.fi\/opiskelijoille\/wp-json\/wp\/v2\/pages"}],"about":[{"href":"https:\/\/media-alalle.fi\/opiskelijoille\/wp-json\/wp\/v2\/types\/page"}],"author":[{"embeddable":true,"href":"https:\/\/media-alalle.fi\/opiskelijoille\/wp-json\/wp\/v2\/users\/2"}],"replies":[{"embeddable":true,"href":"https:\/\/media-alalle.fi\/opiskelijoille\/wp-json\/wp\/v2\/comments?post=656"}],"version-history":[{"count":10,"href":"https:\/\/media-alalle.fi\/opiskelijoille\/wp-json\/wp\/v2\/pages\/656\/revisions"}],"predecessor-version":[{"id":1053,"href":"https:\/\/media-alalle.fi\/opiskelijoille\/wp-json\/wp\/v2\/pages\/656\/revisions\/1053"}],"up":[{"embeddable":true,"href":"https:\/\/media-alalle.fi\/opiskelijoille\/wp-json\/wp\/v2\/pages\/585"}],"wp:featuredmedia":[{"embeddable":true,"href":"https:\/\/media-alalle.fi\/opiskelijoille\/wp-json\/wp\/v2\/media\/1043"}],"wp:attachment":[{"href":"https:\/\/media-alalle.fi\/opiskelijoille\/wp-json\/wp\/v2\/media?parent=656"}],"curies":[{"name":"wp","href":"https:\/\/api.w.org\/{rel}","templated":true}]}}