{"id":624,"date":"2022-01-12T11:29:14","date_gmt":"2022-01-12T11:29:14","guid":{"rendered":"https:\/\/media-alalle.fi\/opiskelijoille\/?page_id=624"},"modified":"2022-02-22T10:21:12","modified_gmt":"2022-02-22T10:21:12","slug":"media-alan-e-perusteet","status":"publish","type":"page","link":"https:\/\/media-alalle.fi\/opiskelijoille\/about\/media-alan-e-perusteet\/","title":{"rendered":"Media-alan E-perusteet"},"content":{"rendered":"\n<h2 class=\"wp-block-heading\"><\/h2>\n\n\n\n<p><strong>Alta l\u00f6yd\u00e4t linkit media-alan tutkinnonosiin. Osa tutkinnonosista t\u00e4ytyy suorittaa ty\u00f6paikalla. <br><a href=\"https:\/\/eperusteet.opintopolku.fi\/beta\/#\/fi\/ammatillinen\/7846216\/tutkinnonosat\">Media-alan ja kuvallisen ilmaisun perustutkinto &#8211; ePerusteet (opintopolku.fi)<\/a><\/strong><\/p>\n\n\n\n<figure id=\"__BVID__321\" class=\"wp-block-table\"><table><thead><tr><th scope=\"col\">No.<\/th><th scope=\"col\">Nimi<\/th><th scope=\"col\">Laajuus<\/th><\/tr><\/thead><tbody><tr><td>1<\/td><td><a href=\"https:\/\/eperusteet.opintopolku.fi\/beta\/#\/fi\/ammatillinen\/7846216\/tutkinnonosat\/7849138\" class=\"\">Media-alalla toimiminen<\/a><\/td><td>15 osp<\/td><\/tr><tr><td>2<\/td><td><a href=\"https:\/\/eperusteet.opintopolku.fi\/beta\/#\/fi\/ammatillinen\/7846216\/tutkinnonosat\/7849139\" class=\"\">Audiovisuaalinen tuotanto<\/a><\/td><td>15 osp<\/td><\/tr><tr><td>3<\/td><td><a href=\"https:\/\/eperusteet.opintopolku.fi\/beta\/#\/fi\/ammatillinen\/7846216\/tutkinnonosat\/7849450\" class=\"\">Mediamateriaalien tekeminen<\/a><\/td><td>15 osp<\/td><\/tr><tr><td>4<\/td><td><a href=\"https:\/\/eperusteet.opintopolku.fi\/beta\/#\/fi\/ammatillinen\/7846216\/tutkinnonosat\/7849451\" class=\"\">Animaatio- ja tehostetuotannossa ty\u00f6skentely<\/a><\/td><td>30 osp<\/td><\/tr><tr><td>5<\/td><td><a href=\"https:\/\/eperusteet.opintopolku.fi\/beta\/#\/fi\/ammatillinen\/7846216\/tutkinnonosat\/7849452\" class=\"\">Animoinnin ja liikegrafiikan toteuttaminen<\/a><\/td><td>15 osp<\/td><\/tr><tr><td>6<\/td><td><a href=\"https:\/\/eperusteet.opintopolku.fi\/beta\/#\/fi\/ammatillinen\/7846216\/tutkinnonosat\/7849453\" class=\"\">Dokumentaarinen tuotanto<\/a><\/td><td>15 osp<\/td><\/tr><tr><td>7<\/td><td><a href=\"https:\/\/eperusteet.opintopolku.fi\/beta\/#\/fi\/ammatillinen\/7846216\/tutkinnonosat\/7849454\" class=\"\">Julkaisugrafiikan tuotanto<\/a><\/td><td>30 osp<\/td><\/tr><tr><td>8<\/td><td><a href=\"https:\/\/eperusteet.opintopolku.fi\/beta\/#\/fi\/ammatillinen\/7846216\/tutkinnonosat\/7849455\" class=\"\">Julkaisutuotannossa toimiminen<\/a><\/td><td>15 osp<\/td><\/tr><tr><td>9<\/td><td><a href=\"https:\/\/eperusteet.opintopolku.fi\/beta\/#\/fi\/ammatillinen\/7846216\/tutkinnonosat\/7849456\" class=\"\">Mainos- ja ajoneuvoteippauksien toteuttaminen<\/a><\/td><td>15 osp<\/td><\/tr><tr><td>10<\/td><td><a href=\"https:\/\/eperusteet.opintopolku.fi\/beta\/#\/fi\/ammatillinen\/7846216\/tutkinnonosat\/7849457\" class=\"\">Media-alan 3D-mallintaminen<\/a><\/td><td>15 osp<\/td><\/tr><tr><td>11<\/td><td><a href=\"https:\/\/eperusteet.opintopolku.fi\/beta\/#\/fi\/ammatillinen\/7846216\/tutkinnonosat\/7849458\" class=\"\">Media-alan 3D-tulostaminen<\/a><\/td><td>15 osp<\/td><\/tr><tr><td>12<\/td><td><a href=\"https:\/\/eperusteet.opintopolku.fi\/beta\/#\/fi\/ammatillinen\/7846216\/tutkinnonosat\/7849459\" class=\"\">Media-alalla ty\u00f6skentely<\/a><\/td><td>30 osp<\/td><\/tr><tr><td>13<\/td><td><a href=\"https:\/\/eperusteet.opintopolku.fi\/beta\/#\/fi\/ammatillinen\/7846216\/tutkinnonosat\/7849460\" class=\"\">Media-alan \u00e4\u00e4nity\u00f6ss\u00e4 toimiminen<\/a><\/td><td>15 osp<\/td><\/tr><tr><td>14<\/td><td><a href=\"https:\/\/eperusteet.opintopolku.fi\/beta\/#\/fi\/ammatillinen\/7846216\/tutkinnonosat\/7849461\" class=\"\">Mediamateriaalien tuottaminen markkinointiin<\/a><\/td><td>15 osp<\/td><\/tr><tr><td>15<\/td><td><a href=\"https:\/\/eperusteet.opintopolku.fi\/beta\/#\/fi\/ammatillinen\/7846216\/tutkinnonosat\/7849462\" class=\"\">Media-alan \u00e4\u00e4nituotanto<\/a><\/td><td>30 osp<\/td><\/tr><tr><td>16<\/td><td><a href=\"https:\/\/eperusteet.opintopolku.fi\/beta\/#\/fi\/ammatillinen\/7846216\/tutkinnonosat\/7849463\" class=\"\">Monikameratuotannossa ty\u00f6skentely<\/a><\/td><td>15 osp<\/td><\/tr><tr><td>17<\/td><td><a href=\"https:\/\/eperusteet.opintopolku.fi\/beta\/#\/fi\/ammatillinen\/7846216\/tutkinnonosat\/7849464\" class=\"\">Painaminen ja tulostaminen<\/a><\/td><td>15 osp<\/td><\/tr><tr><td>18<\/td><td><a href=\"https:\/\/eperusteet.opintopolku.fi\/beta\/#\/fi\/ammatillinen\/7846216\/tutkinnonosat\/7849465\" class=\"\">Painamista edelt\u00e4vien ty\u00f6vaiheiden toteuttaminen<\/a><\/td><td>15 osp<\/td><\/tr><tr><td>19<\/td><td><a href=\"https:\/\/eperusteet.opintopolku.fi\/beta\/#\/fi\/ammatillinen\/7846216\/tutkinnonosat\/7849466\" class=\"\">Painotuotantolaitteiden huolto<\/a><\/td><td>15 osp<\/td><\/tr><tr><td>20<\/td><td><a href=\"https:\/\/eperusteet.opintopolku.fi\/beta\/#\/fi\/ammatillinen\/7846216\/tutkinnonosat\/7849467\" class=\"\">Painotuotannossa toimiminen<\/a><\/td><td>30 osp<\/td><\/tr><tr><td>21<\/td><td><a href=\"https:\/\/eperusteet.opintopolku.fi\/beta\/#\/fi\/ammatillinen\/7846216\/tutkinnonosat\/7849468\" class=\"\">Painotuotteiden viimeistely<\/a><\/td><td>15 osp<\/td><\/tr><tr><td>22<\/td><td><a href=\"https:\/\/eperusteet.opintopolku.fi\/beta\/#\/fi\/ammatillinen\/7846216\/tutkinnonosat\/7849469\" class=\"\">Painotuotteiden painaminen<\/a><\/td><td>15 osp<\/td><\/tr><tr><td>23<\/td><td><a href=\"https:\/\/eperusteet.opintopolku.fi\/beta\/#\/fi\/ammatillinen\/7846216\/tutkinnonosat\/7849470\" class=\"\">Painotuotteiden tulostaminen<\/a><\/td><td>15 osp<\/td><\/tr><tr><td>24<\/td><td><a href=\"https:\/\/eperusteet.opintopolku.fi\/beta\/#\/fi\/ammatillinen\/7846216\/tutkinnonosat\/7849471\" class=\"\">Pakkaustuotanto<\/a><\/td><td>15 osp<\/td><\/tr><tr><td>25<\/td><td><a href=\"https:\/\/eperusteet.opintopolku.fi\/beta\/#\/fi\/ammatillinen\/7846216\/tutkinnonosat\/7849472\" class=\"\">Pelituotannossa ty\u00f6skentely<\/a><\/td><td>30 osp<\/td><\/tr><tr><td>26<\/td><td><a href=\"https:\/\/eperusteet.opintopolku.fi\/beta\/#\/fi\/ammatillinen\/7846216\/tutkinnonosat\/7849473\" class=\"\">Pelituotteen tekeminen<\/a><\/td><td>15 osp<\/td><\/tr><tr><td>27<\/td><td><a href=\"https:\/\/eperusteet.opintopolku.fi\/beta\/#\/fi\/ammatillinen\/7846216\/tutkinnonosat\/7849474\" class=\"\">Pientuotannon viimeistelylaitteiden k\u00e4ytt\u00f6<\/a><\/td><td>15 osp<\/td><\/tr><tr><td>28<\/td><td><a href=\"https:\/\/eperusteet.opintopolku.fi\/beta\/#\/fi\/ammatillinen\/7846216\/tutkinnonosat\/7849475\" class=\"\">Rakennetun valokuvan toteuttaminen<\/a><\/td><td>15 osp<\/td><\/tr><tr><td>29<\/td><td><a href=\"https:\/\/eperusteet.opintopolku.fi\/beta\/#\/fi\/ammatillinen\/7846216\/tutkinnonosat\/7849476\" class=\"\">Tallennetuotannossa ty\u00f6skentely<\/a><\/td><td>30 osp<\/td><\/tr><tr><td>30<\/td><td><a href=\"https:\/\/eperusteet.opintopolku.fi\/beta\/#\/fi\/ammatillinen\/7846216\/tutkinnonosat\/7849477\" class=\"\">Tapahtuma- ja sali\u00e4\u00e4nen toteuttaminen<\/a><\/td><td>30 osp<\/td><\/tr><tr><td>31<\/td><td><a href=\"https:\/\/eperusteet.opintopolku.fi\/beta\/#\/fi\/ammatillinen\/7846216\/tutkinnonosat\/7849478\" class=\"\">Tapahtumatuotannossa ty\u00f6skentely<\/a><\/td><td>30 osp<\/td><\/tr><tr><td>32<\/td><td><a href=\"https:\/\/eperusteet.opintopolku.fi\/beta\/#\/fi\/ammatillinen\/7846216\/tutkinnonosat\/7849479\" class=\"\">Valaisutuotannossa ty\u00f6skentely<\/a><\/td><td>30 osp<\/td><\/tr><tr><td>33<\/td><td><a href=\"https:\/\/eperusteet.opintopolku.fi\/beta\/#\/fi\/ammatillinen\/7846216\/tutkinnonosat\/7849480\" class=\"\">Valokuvatuotanto<\/a><\/td><td>15 osp<\/td><\/tr><tr><td>34<\/td><td><a href=\"https:\/\/eperusteet.opintopolku.fi\/beta\/#\/fi\/ammatillinen\/7846216\/tutkinnonosat\/7849481\" class=\"\">Verkkojulkaisutuotanto<\/a><\/td><td>30 osp<\/td><\/tr><tr><td>35<\/td><td><a href=\"https:\/\/eperusteet.opintopolku.fi\/beta\/#\/fi\/ammatillinen\/7846216\/tutkinnonosat\/7849482\" class=\"\">Verkkosivuston tekeminen<\/a><\/td><td>15 osp<\/td><\/tr><tr><td>36<\/td><td><a href=\"https:\/\/eperusteet.opintopolku.fi\/beta\/#\/fi\/ammatillinen\/7846216\/tutkinnonosat\/7849483\" class=\"\">Videon esituotannossa ja tuotannossa ty\u00f6skentely<\/a><\/td><td>15 osp<\/td><\/tr><tr><td>37<\/td><td><a href=\"https:\/\/eperusteet.opintopolku.fi\/beta\/#\/fi\/ammatillinen\/7846216\/tutkinnonosat\/7849484\" class=\"\">Videon j\u00e4lkituotannossa ty\u00f6skentely<\/a><\/td><td>15 osp<\/td><\/tr><tr><td>38<\/td><td><a href=\"https:\/\/eperusteet.opintopolku.fi\/beta\/#\/fi\/ammatillinen\/7846216\/tutkinnonosat\/8058687\" class=\"\">Huippuosaajana toimiminen<\/a><\/td><td>15 osp<\/td><\/tr><tr><td>39<\/td><td><a href=\"https:\/\/eperusteet.opintopolku.fi\/beta\/#\/fi\/ammatillinen\/7846216\/tutkinnonosat\/8058688\" class=\"\">Ilmastovastuullinen toiminta<\/a><\/td><td>15 osp<\/td><\/tr><tr><td>40<\/td><td><a href=\"https:\/\/eperusteet.opintopolku.fi\/beta\/#\/fi\/ammatillinen\/7846216\/tutkinnonosat\/8058689\" class=\"\">Kansainv\u00e4lisess\u00e4 ty\u00f6ymp\u00e4rist\u00f6ss\u00e4 toimiminen<\/a><\/td><td>15 osp<\/td><\/tr><tr><td>41<\/td><td><a href=\"https:\/\/eperusteet.opintopolku.fi\/beta\/#\/fi\/ammatillinen\/7846216\/tutkinnonosat\/8058890\" class=\"\">Ty\u00f6paikkaohjaajaksi valmentautuminen<\/a><\/td><td>5 osp<\/td><\/tr><tr><td>42<\/td><td><a href=\"https:\/\/eperusteet.opintopolku.fi\/beta\/#\/fi\/ammatillinen\/7846216\/tutkinnonosat\/8058891\" class=\"\">Yrityksess\u00e4 toimiminen<\/a><\/td><td>15 osp<\/td><\/tr><tr><td>43<\/td><td><a href=\"https:\/\/eperusteet.opintopolku.fi\/beta\/#\/fi\/ammatillinen\/7846216\/tutkinnonosat\/8058892\" class=\"\">Yritystoiminnan suunnittelu<\/a><\/td><td>15 osp<\/td><\/tr><tr><td>44<\/td><td><a href=\"https:\/\/eperusteet.opintopolku.fi\/beta\/#\/fi\/ammatillinen\/7846216\/tutkinnonosat\/7849489\" class=\"\">Graafisen suunnittelun toteuttaminen<\/a><\/td><td>30 osp<\/td><\/tr><tr><td>45<\/td><td><a href=\"https:\/\/eperusteet.opintopolku.fi\/beta\/#\/fi\/ammatillinen\/7846216\/tutkinnonosat\/7849490\" class=\"\">Kuvataiteen materiaalien ja menetelmien k\u00e4ytt\u00f6<\/a><\/td><td>30 osp<\/td><\/tr><tr><td>46<\/td><td><a href=\"https:\/\/eperusteet.opintopolku.fi\/beta\/#\/fi\/ammatillinen\/7846216\/tutkinnonosat\/7849491\" class=\"\">Graafisen muotoilun tuotesuunnittelu<\/a><\/td><td>15 osp<\/td><\/tr><tr><td>47<\/td><td><a href=\"https:\/\/eperusteet.opintopolku.fi\/beta\/#\/fi\/ammatillinen\/7846216\/tutkinnonosat\/7849492\" class=\"\">Graafisen suunnittelun asiakasl\u00e4ht\u00f6inen tuotteistaminen<\/a><\/td><td>15 osp<\/td><\/tr><tr><td>48<\/td><td><a href=\"https:\/\/eperusteet.opintopolku.fi\/beta\/#\/fi\/ammatillinen\/7846216\/tutkinnonosat\/7849493\" class=\"\">Havainnosta piirt\u00e4minen<\/a><\/td><td>15 osp<\/td><\/tr><tr><td>49<\/td><td><a href=\"https:\/\/eperusteet.opintopolku.fi\/beta\/#\/fi\/ammatillinen\/7846216\/tutkinnonosat\/7849494\" class=\"\">Konseptitaiteen toteuttaminen<\/a><\/td><td>15 osp<\/td><\/tr><tr><td>50<\/td><td><a href=\"https:\/\/eperusteet.opintopolku.fi\/beta\/#\/fi\/ammatillinen\/7846216\/tutkinnonosat\/7849495\" class=\"\">Kuvan rakentaminen<\/a><\/td><td>15 osp<\/td><\/tr><tr><td>51<\/td><td><a href=\"https:\/\/eperusteet.opintopolku.fi\/beta\/#\/fi\/ammatillinen\/7846216\/tutkinnonosat\/7849496\" class=\"\">Kuvajournalistinen ty\u00f6skentely<\/a><\/td><td>15 osp<\/td><\/tr><tr><td>52<\/td><td><a href=\"https:\/\/eperusteet.opintopolku.fi\/beta\/#\/fi\/ammatillinen\/7846216\/tutkinnonosat\/7849497\" class=\"\">Kuvallinen ilmaisu ja havainnointi<\/a><\/td><td>15 osp<\/td><\/tr><tr><td>53<\/td><td><a href=\"https:\/\/eperusteet.opintopolku.fi\/beta\/#\/fi\/ammatillinen\/7846216\/tutkinnonosat\/7849498\" class=\"\">Kuvank\u00e4sittely<\/a><\/td><td>15 osp<\/td><\/tr><tr><td>54<\/td><td><a href=\"https:\/\/eperusteet.opintopolku.fi\/beta\/#\/fi\/ammatillinen\/7846216\/tutkinnonosat\/7849499\" class=\"\">Kuvanveist\u00e4minen<\/a><\/td><td>15 osp<\/td><\/tr><tr><td>55<\/td><td><a href=\"https:\/\/eperusteet.opintopolku.fi\/beta\/#\/fi\/ammatillinen\/7846216\/tutkinnonosat\/7849500\" class=\"\">Liikkuva kuva valokuvatuotannossa<\/a><\/td><td>15 osp<\/td><\/tr><tr><td>56<\/td><td><a href=\"https:\/\/eperusteet.opintopolku.fi\/beta\/#\/fi\/ammatillinen\/7846216\/tutkinnonosat\/7849501\" class=\"\">Maalaustaiteen toteuttaminen<\/a><\/td><td>15 osp<\/td><\/tr><tr><td>57<\/td><td><a href=\"https:\/\/eperusteet.opintopolku.fi\/beta\/#\/fi\/ammatillinen\/7846216\/tutkinnonosat\/7849502\" class=\"\">Markkinointikampanjan visuaalinen suunnittelu ja toteuttaminen<\/a><\/td><td>15 osp<\/td><\/tr><tr><td>58<\/td><td><a href=\"https:\/\/eperusteet.opintopolku.fi\/beta\/#\/fi\/ammatillinen\/7846216\/tutkinnonosat\/7849503\" class=\"\">Media-alan tai kuvallisen ilmaisun ammatinharjoittajana toimiminen<\/a><\/td><td>15 osp<\/td><\/tr><tr><td>59<\/td><td><a href=\"https:\/\/eperusteet.opintopolku.fi\/beta\/#\/fi\/ammatillinen\/7846216\/tutkinnonosat\/7849504\" class=\"\">Mediataiteen toteuttaminen<\/a><\/td><td>15 osp<\/td><\/tr><tr><td>60<\/td><td><a href=\"https:\/\/eperusteet.opintopolku.fi\/beta\/#\/fi\/ammatillinen\/7846216\/tutkinnonosat\/7849505\" class=\"\">Studioty\u00f6skentely ja valaisu<\/a><\/td><td>15 osp<\/td><\/tr><tr><td>61<\/td><td><a href=\"https:\/\/eperusteet.opintopolku.fi\/beta\/#\/fi\/ammatillinen\/7846216\/tutkinnonosat\/7849506\" class=\"\">Taidegrafiikan toteuttaminen<\/a><\/td><td>15 osp<\/td><\/tr><tr><td>62<\/td><td><a href=\"https:\/\/eperusteet.opintopolku.fi\/beta\/#\/fi\/ammatillinen\/7846216\/tutkinnonosat\/7849507\" class=\"\">Teos- tai tuotekokonaisuuden toteuttaminen ja esille asettaminen<\/a><\/td><td>15 osp<\/td><\/tr><tr><td>63<\/td><td><a href=\"https:\/\/eperusteet.opintopolku.fi\/beta\/#\/fi\/ammatillinen\/7846216\/tutkinnonosat\/7849508\" class=\"\">Tila-aikataiteen toteuttaminen<\/a><\/td><td>15 osp<\/td><\/tr><tr><td>64<\/td><td><a href=\"https:\/\/eperusteet.opintopolku.fi\/beta\/#\/fi\/ammatillinen\/7846216\/tutkinnonosat\/7849509\" class=\"\">Valokuvataiteen toteuttaminen<\/a><\/td><td>15 osp<\/td><\/tr><tr><td>65<\/td><td><a href=\"https:\/\/eperusteet.opintopolku.fi\/beta\/#\/fi\/ammatillinen\/7846216\/tutkinnonosat\/7849510\" class=\"\">Yhteis\u00f6taiteen toteuttaminen<\/a><\/td><td>15 osp<\/td><\/tr><tr><td>66<\/td><td><a href=\"https:\/\/eperusteet.opintopolku.fi\/beta\/#\/fi\/ammatillinen\/7846216\/tutkinnonosat\/8058685\" class=\"\">Viestint\u00e4- ja vuorovaikutusosaaminen<\/a><\/td><td>11 osp<\/td><\/tr><tr><td>67<\/td><td><a href=\"https:\/\/eperusteet.opintopolku.fi\/beta\/#\/fi\/ammatillinen\/7846216\/tutkinnonosat\/8058684\" class=\"\">Matemaattis-luonnontieteellinen osaaminen<\/a><\/td><td>6 osp<\/td><\/tr><tr><td>68<\/td><td><a href=\"https:\/\/eperusteet.opintopolku.fi\/beta\/#\/fi\/ammatillinen\/7846216\/tutkinnonosat\/8058686\" class=\"\">Yhteiskunta- ja ty\u00f6el\u00e4m\u00e4osaaminen<\/a><\/td><td>9 osp<\/td><\/tr><\/tbody><\/table><\/figure>\n","protected":false},"excerpt":{"rendered":"<p>Alta l\u00f6yd\u00e4t linkit media-alan tutkinnonosiin. Osa tutkinnonosista t\u00e4ytyy suorittaa ty\u00f6paikalla. Media-alan ja kuvallisen ilmaisun perustutkinto &#8211; ePerusteet (opintopolku.fi) No. Nimi Laajuus 1 Media-alalla toimiminen 15 osp 2 Audiovisuaalinen tuotanto 15 osp 3 Mediamateriaalien tekeminen 15 osp 4 Animaatio- ja tehostetuotannossa ty\u00f6skentely 30 osp 5 Animoinnin ja liikegrafiikan toteuttaminen 15 osp 6 Dokumentaarinen tuotanto 15 osp [&hellip;]<\/p>\n","protected":false},"author":2,"featured_media":0,"parent":22,"menu_order":0,"comment_status":"closed","ping_status":"closed","template":"","meta":{"zakra_page_container_layout":"customizer","zakra_page_sidebar_layout":"customizer","zakra_remove_content_margin":false,"zakra_sidebar":"customizer","zakra_transparent_header":"customizer","zakra_logo":0,"zakra_main_header_style":"default","zakra_menu_item_color":"","zakra_menu_item_hover_color":"","zakra_menu_item_active_color":"","zakra_menu_active_style":"","zakra_page_header":true,"footnotes":""},"class_list":["post-624","page","type-page","status-publish","hentry"],"rttpg_featured_image_url":null,"rttpg_author":{"display_name":"Eija Haaksiluoto","author_link":"https:\/\/media-alalle.fi\/opiskelijoille\/author\/enkku\/"},"rttpg_comment":0,"rttpg_category":null,"rttpg_excerpt":"Alta l\u00f6yd\u00e4t linkit media-alan tutkinnonosiin. Osa tutkinnonosista t\u00e4ytyy suorittaa ty\u00f6paikalla. Media-alan ja kuvallisen ilmaisun perustutkinto &#8211; ePerusteet (opintopolku.fi) No. Nimi Laajuus 1 Media-alalla toimiminen 15 osp 2 Audiovisuaalinen tuotanto 15 osp 3 Mediamateriaalien tekeminen 15 osp 4 Animaatio- ja tehostetuotannossa ty\u00f6skentely 30 osp 5 Animoinnin ja liikegrafiikan toteuttaminen 15 osp 6 Dokumentaarinen tuotanto 15 osp&hellip;","_links":{"self":[{"href":"https:\/\/media-alalle.fi\/opiskelijoille\/wp-json\/wp\/v2\/pages\/624","targetHints":{"allow":["GET"]}}],"collection":[{"href":"https:\/\/media-alalle.fi\/opiskelijoille\/wp-json\/wp\/v2\/pages"}],"about":[{"href":"https:\/\/media-alalle.fi\/opiskelijoille\/wp-json\/wp\/v2\/types\/page"}],"author":[{"embeddable":true,"href":"https:\/\/media-alalle.fi\/opiskelijoille\/wp-json\/wp\/v2\/users\/2"}],"replies":[{"embeddable":true,"href":"https:\/\/media-alalle.fi\/opiskelijoille\/wp-json\/wp\/v2\/comments?post=624"}],"version-history":[{"count":7,"href":"https:\/\/media-alalle.fi\/opiskelijoille\/wp-json\/wp\/v2\/pages\/624\/revisions"}],"predecessor-version":[{"id":792,"href":"https:\/\/media-alalle.fi\/opiskelijoille\/wp-json\/wp\/v2\/pages\/624\/revisions\/792"}],"up":[{"embeddable":true,"href":"https:\/\/media-alalle.fi\/opiskelijoille\/wp-json\/wp\/v2\/pages\/22"}],"wp:attachment":[{"href":"https:\/\/media-alalle.fi\/opiskelijoille\/wp-json\/wp\/v2\/media?parent=624"}],"curies":[{"name":"wp","href":"https:\/\/api.w.org\/{rel}","templated":true}]}}