{"id":622,"date":"2022-01-12T11:26:55","date_gmt":"2022-01-12T11:26:55","guid":{"rendered":"https:\/\/media-alalle.fi\/opiskelijoille\/?page_id=622"},"modified":"2022-03-29T09:56:49","modified_gmt":"2022-03-29T09:56:49","slug":"naytot","status":"publish","type":"page","link":"https:\/\/media-alalle.fi\/opiskelijoille\/apua-ja-ohjeita\/naytot\/","title":{"rendered":"N\u00e4ytt\u00f6ihin valmistautuminen"},"content":{"rendered":"\n<p><\/p>\n\n\n\n<h4 class=\"wp-block-heading\">Ennen n\u00e4ytt\u00f6\u00e4<\/h4>\n\n\n\n<p>Ennen n\u00e4ytt\u00f6\u00e4 tee suunnitelma n\u00e4yt\u00f6n toteuttamisesta <a rel=\"noreferrer noopener\" href=\"https:\/\/osao.inschool.fi\/\" data-type=\"URL\" data-id=\"https:\/\/osao.inschool.fi\/\" target=\"_blank\">Wilmasta<\/a> l\u00f6ytyv\u00e4\u00e4n pohjaan. <br><br><strong>N\u00e4in l\u00f6yd\u00e4t n\u00e4ytt\u00f6suunnitelman lomakkeen: <br><\/strong>1. Kirjaudu Wilmaan ja valitse yl\u00e4valikosta &#8221;N\u00e4yt\u00f6t&#8221;<br>2. Valitse luettelosta tutkinnon osa, jonka n\u00e4ytt\u00f6suunnitelman haluat tehd\u00e4<br>3. Valitse oikeasta reunasta vaihtoehto &#8221;Lomakkeet&#8221; ja avaa sen alta l\u00f6ytyv\u00e4 tutkinnon osan n\u00e4yt\u00f6n suunnitelma<\/p>\n\n\n\n<figure class=\"wp-block-image size-full\"><img fetchpriority=\"high\" decoding=\"async\" width=\"1478\" height=\"310\" src=\"https:\/\/media-alalle.fi\/opiskelijoille\/wp-content\/uploads\/2022\/03\/opiskelija-oikee.png\" alt=\"\" class=\"wp-image-928\" srcset=\"https:\/\/media-alalle.fi\/opiskelijoille\/wp-content\/uploads\/2022\/03\/opiskelija-oikee.png 1478w, https:\/\/media-alalle.fi\/opiskelijoille\/wp-content\/uploads\/2022\/03\/opiskelija-oikee-300x63.png 300w, https:\/\/media-alalle.fi\/opiskelijoille\/wp-content\/uploads\/2022\/03\/opiskelija-oikee-768x161.png 768w\" sizes=\"(max-width: 1478px) 100vw, 1478px\" \/><\/figure>\n\n\n\n<p><strong>Tee n\u00e4yt\u00f6n suorittamisen j\u00e4lkeen my\u00f6s itsearviointi. L\u00f6yd\u00e4t itsearviointiin k\u00e4ytett\u00e4v\u00e4n lomakkeen samasta paikasta &#8221;Lomakkeet&#8221;-osion alta.<\/strong><\/p>\n","protected":false},"excerpt":{"rendered":"<p>Ennen n\u00e4ytt\u00f6\u00e4 Ennen n\u00e4ytt\u00f6\u00e4 tee suunnitelma n\u00e4yt\u00f6n toteuttamisesta Wilmasta l\u00f6ytyv\u00e4\u00e4n pohjaan. N\u00e4in l\u00f6yd\u00e4t n\u00e4ytt\u00f6suunnitelman lomakkeen: 1. Kirjaudu Wilmaan ja valitse yl\u00e4valikosta &#8221;N\u00e4yt\u00f6t&#8221;2. Valitse luettelosta tutkinnon osa, jonka n\u00e4ytt\u00f6suunnitelman haluat tehd\u00e43. Valitse oikeasta reunasta vaihtoehto &#8221;Lomakkeet&#8221; ja avaa sen alta l\u00f6ytyv\u00e4 tutkinnon osan n\u00e4yt\u00f6n suunnitelma Tee n\u00e4yt\u00f6n suorittamisen j\u00e4lkeen my\u00f6s itsearviointi. L\u00f6yd\u00e4t itsearviointiin k\u00e4ytett\u00e4v\u00e4n lomakkeen samasta [&hellip;]<\/p>\n","protected":false},"author":2,"featured_media":0,"parent":585,"menu_order":0,"comment_status":"closed","ping_status":"closed","template":"","meta":{"zakra_page_container_layout":"customizer","zakra_page_sidebar_layout":"customizer","zakra_remove_content_margin":false,"zakra_sidebar":"customizer","zakra_transparent_header":"customizer","zakra_logo":0,"zakra_main_header_style":"default","zakra_menu_item_color":"","zakra_menu_item_hover_color":"","zakra_menu_item_active_color":"","zakra_menu_active_style":"","zakra_page_header":true,"footnotes":""},"class_list":["post-622","page","type-page","status-publish","hentry"],"rttpg_featured_image_url":null,"rttpg_author":{"display_name":"Eija Haaksiluoto","author_link":"https:\/\/media-alalle.fi\/opiskelijoille\/author\/enkku\/"},"rttpg_comment":0,"rttpg_category":null,"rttpg_excerpt":"Ennen n\u00e4ytt\u00f6\u00e4 Ennen n\u00e4ytt\u00f6\u00e4 tee suunnitelma n\u00e4yt\u00f6n toteuttamisesta Wilmasta l\u00f6ytyv\u00e4\u00e4n pohjaan. N\u00e4in l\u00f6yd\u00e4t n\u00e4ytt\u00f6suunnitelman lomakkeen: 1. Kirjaudu Wilmaan ja valitse yl\u00e4valikosta &#8221;N\u00e4yt\u00f6t&#8221;2. Valitse luettelosta tutkinnon osa, jonka n\u00e4ytt\u00f6suunnitelman haluat tehd\u00e43. Valitse oikeasta reunasta vaihtoehto &#8221;Lomakkeet&#8221; ja avaa sen alta l\u00f6ytyv\u00e4 tutkinnon osan n\u00e4yt\u00f6n suunnitelma Tee n\u00e4yt\u00f6n suorittamisen j\u00e4lkeen my\u00f6s itsearviointi. L\u00f6yd\u00e4t itsearviointiin k\u00e4ytett\u00e4v\u00e4n lomakkeen samasta&hellip;","_links":{"self":[{"href":"https:\/\/media-alalle.fi\/opiskelijoille\/wp-json\/wp\/v2\/pages\/622","targetHints":{"allow":["GET"]}}],"collection":[{"href":"https:\/\/media-alalle.fi\/opiskelijoille\/wp-json\/wp\/v2\/pages"}],"about":[{"href":"https:\/\/media-alalle.fi\/opiskelijoille\/wp-json\/wp\/v2\/types\/page"}],"author":[{"embeddable":true,"href":"https:\/\/media-alalle.fi\/opiskelijoille\/wp-json\/wp\/v2\/users\/2"}],"replies":[{"embeddable":true,"href":"https:\/\/media-alalle.fi\/opiskelijoille\/wp-json\/wp\/v2\/comments?post=622"}],"version-history":[{"count":8,"href":"https:\/\/media-alalle.fi\/opiskelijoille\/wp-json\/wp\/v2\/pages\/622\/revisions"}],"predecessor-version":[{"id":1055,"href":"https:\/\/media-alalle.fi\/opiskelijoille\/wp-json\/wp\/v2\/pages\/622\/revisions\/1055"}],"up":[{"embeddable":true,"href":"https:\/\/media-alalle.fi\/opiskelijoille\/wp-json\/wp\/v2\/pages\/585"}],"wp:attachment":[{"href":"https:\/\/media-alalle.fi\/opiskelijoille\/wp-json\/wp\/v2\/media?parent=622"}],"curies":[{"name":"wp","href":"https:\/\/api.w.org\/{rel}","templated":true}]}}