{"id":617,"date":"2022-01-12T11:16:17","date_gmt":"2022-01-12T11:16:17","guid":{"rendered":"https:\/\/media-alalle.fi\/opiskelijoille\/?page_id=617"},"modified":"2022-02-08T10:44:19","modified_gmt":"2022-02-08T10:44:19","slug":"salasanan-vaihtaminen","status":"publish","type":"page","link":"https:\/\/media-alalle.fi\/opiskelijoille\/apua-ja-ohjeita\/salasanan-vaihtaminen\/","title":{"rendered":"Salasanan vaihtaminen"},"content":{"rendered":"\n<h4 class=\"wp-block-heading\"><strong>Miten vaihdan salasanan?<\/strong><\/h4>\n\n\n\n<p>Jos muistat entisen salasanasi, voit vaihtaa salasanasi kahdella eri tavalla:<\/p>\n\n\n\n<p><strong>Tapa 1: Koulun verkossa olevalla Windows-ty\u00f6asemalla<\/strong><\/p>\n\n\n\n<ol class=\"wp-block-list\" type=\"1\"><li>Kirjaudu ty\u00f6asemalle<\/li><li>Paina Ctrl + Alt + Del<\/li><li>Valitse&nbsp;<em>Vaihda salasana<\/em><\/li><li>Anna vanha salasanasi ja kirjoita uusi salasana kahteen kertaan sille varattuihin kenttiin<\/li><li>Paina Enteri\u00e4 \/ hyv\u00e4ksymispainiketta.<\/li><\/ol>\n\n\n\n<p><strong>Tapa 2: Nettisivulla<\/strong><\/p>\n\n\n\n<ol class=\"wp-block-list\" type=\"1\"><li>Mene verkkoselaimellasi osoitteeseen&nbsp;<a href=\"https:\/\/vaihda.osao.fi\/\" target=\"_blank\" rel=\"noreferrer noopener\">https:\/\/vaihda.osao.fi<\/a><\/li><li>Anna k\u00e4ytt\u00e4j\u00e4tunnuksesi ja vanha salasana niille varattuihin kenttiin ja kirjoita uusi salasana kahteen kertaan sille varattuihin kenttiin<\/li><li>Paina&nbsp;<em>Vaihda salasana<\/em>&nbsp;-painiketta.<\/li><\/ol>\n\n\n\n<h4 class=\"wp-block-heading\">Jos unohdit salasanasi<\/h4>\n\n\n\n<p>Mik\u00e4li olet unohtanut salasanasi, voit tilata uuden salasanan tekstiviestin\u00e4 puhelimeesi. L\u00e4het\u00e4 oma&nbsp;<strong>k\u00e4ytt\u00e4j\u00e4tunnuksesi<\/strong>&nbsp;numeroon&nbsp;<strong>040 141 5001<\/strong>, niin saat vastausviestin\u00e4 v\u00e4liaikaisen salasanan ja ohjeet sen vaihtoon. Mik\u00e4li k\u00e4ytt\u00e4j\u00e4tunnus ei vastaa opiskelijatietoj\u00e4rjestelm\u00e4st\u00e4mme l\u00f6ytyv\u00e4\u00e4 numeroa, saat siit\u00e4 vastausviestiss\u00e4 ilmoituksen. Tuolloin sinun tulee k\u00e4yd\u00e4 p\u00e4ivitt\u00e4m\u00e4ss\u00e4 uusi puhelinnumerosi opiskeluyksikk\u00f6si opintotoimistoon.<\/p>\n","protected":false},"excerpt":{"rendered":"<p>Miten vaihdan salasanan? Jos muistat entisen salasanasi, voit vaihtaa salasanasi kahdella eri tavalla: Tapa 1: Koulun verkossa olevalla Windows-ty\u00f6asemalla Kirjaudu ty\u00f6asemalle Paina Ctrl + Alt + Del Valitse&nbsp;Vaihda salasana Anna vanha salasanasi ja kirjoita uusi salasana kahteen kertaan sille varattuihin kenttiin Paina Enteri\u00e4 \/ hyv\u00e4ksymispainiketta. Tapa 2: Nettisivulla Mene verkkoselaimellasi osoitteeseen&nbsp;https:\/\/vaihda.osao.fi Anna k\u00e4ytt\u00e4j\u00e4tunnuksesi ja vanha [&hellip;]<\/p>\n","protected":false},"author":2,"featured_media":0,"parent":585,"menu_order":0,"comment_status":"closed","ping_status":"closed","template":"","meta":{"zakra_page_container_layout":"customizer","zakra_page_sidebar_layout":"customizer","zakra_remove_content_margin":false,"zakra_sidebar":"customizer","zakra_transparent_header":"customizer","zakra_logo":0,"zakra_main_header_style":"default","zakra_menu_item_color":"","zakra_menu_item_hover_color":"","zakra_menu_item_active_color":"","zakra_menu_active_style":"","zakra_page_header":true,"footnotes":""},"class_list":["post-617","page","type-page","status-publish","hentry"],"rttpg_featured_image_url":null,"rttpg_author":{"display_name":"Eija Haaksiluoto","author_link":"https:\/\/media-alalle.fi\/opiskelijoille\/author\/enkku\/"},"rttpg_comment":0,"rttpg_category":null,"rttpg_excerpt":"Miten vaihdan salasanan? Jos muistat entisen salasanasi, voit vaihtaa salasanasi kahdella eri tavalla: Tapa 1: Koulun verkossa olevalla Windows-ty\u00f6asemalla Kirjaudu ty\u00f6asemalle Paina Ctrl + Alt + Del Valitse&nbsp;Vaihda salasana Anna vanha salasanasi ja kirjoita uusi salasana kahteen kertaan sille varattuihin kenttiin Paina Enteri\u00e4 \/ hyv\u00e4ksymispainiketta. Tapa 2: Nettisivulla Mene verkkoselaimellasi osoitteeseen&nbsp;https:\/\/vaihda.osao.fi Anna k\u00e4ytt\u00e4j\u00e4tunnuksesi ja vanha&hellip;","_links":{"self":[{"href":"https:\/\/media-alalle.fi\/opiskelijoille\/wp-json\/wp\/v2\/pages\/617","targetHints":{"allow":["GET"]}}],"collection":[{"href":"https:\/\/media-alalle.fi\/opiskelijoille\/wp-json\/wp\/v2\/pages"}],"about":[{"href":"https:\/\/media-alalle.fi\/opiskelijoille\/wp-json\/wp\/v2\/types\/page"}],"author":[{"embeddable":true,"href":"https:\/\/media-alalle.fi\/opiskelijoille\/wp-json\/wp\/v2\/users\/2"}],"replies":[{"embeddable":true,"href":"https:\/\/media-alalle.fi\/opiskelijoille\/wp-json\/wp\/v2\/comments?post=617"}],"version-history":[{"count":2,"href":"https:\/\/media-alalle.fi\/opiskelijoille\/wp-json\/wp\/v2\/pages\/617\/revisions"}],"predecessor-version":[{"id":619,"href":"https:\/\/media-alalle.fi\/opiskelijoille\/wp-json\/wp\/v2\/pages\/617\/revisions\/619"}],"up":[{"embeddable":true,"href":"https:\/\/media-alalle.fi\/opiskelijoille\/wp-json\/wp\/v2\/pages\/585"}],"wp:attachment":[{"href":"https:\/\/media-alalle.fi\/opiskelijoille\/wp-json\/wp\/v2\/media?parent=617"}],"curies":[{"name":"wp","href":"https:\/\/api.w.org\/{rel}","templated":true}]}}